{"id":8,"date":"2025-02-19T15:42:04","date_gmt":"2025-02-19T15:42:04","guid":{"rendered":"https:\/\/vip.nissanschmidt.de\/?page_id=8"},"modified":"2025-03-03T08:15:06","modified_gmt":"2025-03-03T08:15:06","slug":"home","status":"publish","type":"page","link":"https:\/\/vip.nissanschmidt.de\/","title":{"rendered":"Home"},"content":{"rendered":"<p>[et_pb_section fb_built=&#8220;1&#8243; _builder_version=&#8220;4.27.4&#8243; _module_preset=&#8220;default&#8220; background_color=&#8220;#13100e&#8220; global_colors_info=&#8220;{}&#8220;][et_pb_row _builder_version=&#8220;4.27.4&#8243; _module_preset=&#8220;default&#8220; custom_padding=&#8220;0px||0px||false|false&#8220; global_colors_info=&#8220;{}&#8220;][et_pb_column type=&#8220;4_4&#8243; _builder_version=&#8220;4.27.4&#8243; _module_preset=&#8220;default&#8220; global_colors_info=&#8220;{}&#8220;][et_pb_image src=&#8220;https:\/\/vip.nissanschmidt.de\/wp-content\/uploads\/2025\/02\/nissan-schmidt-vip2025-logo.jpg&#8220; title_text=&#8220;nissan-schmidt-vip2025-logo&#8220; align=&#8220;right&#8220; _builder_version=&#8220;4.27.4&#8243; _module_preset=&#8220;default&#8220; z_index=&#8220;1&#8243; width=&#8220;200px&#8220; width_tablet=&#8220;200px&#8220; width_phone=&#8220;100px&#8220; width_last_edited=&#8220;on|phone&#8220; custom_margin=&#8220;||-25px||false|false&#8220; global_colors_info=&#8220;{}&#8220;][\/et_pb_image][et_pb_image src=&#8220;https:\/\/vip.nissanschmidt.de\/wp-content\/uploads\/2025\/02\/nissan-schmidt-vip2025-auto.jpg&#8220; title_text=&#8220;nissan-schmidt-vip2025-auto&#8220; _builder_version=&#8220;4.27.4&#8243; _module_preset=&#8220;default&#8220; global_colors_info=&#8220;{}&#8220;][\/et_pb_image][et_pb_text _builder_version=&#8220;4.27.4&#8243; _module_preset=&#8220;default&#8220; header_font=&#8220;Nissan Brand Regular||||||||&#8220; header_text_align=&#8220;center&#8220; header_text_color=&#8220;#FFFFFF&#8220; header_font_size=&#8220;45px&#8220; global_colors_info=&#8220;{}&#8220;]<\/p>\n<h1>Nur f\u00fcr VIPs. <strong>Nur f\u00fcr Sie.<br \/>Der <span>VIP-Tag am 15. M\u00e4rz 2025<\/span><\/strong><strong><\/strong><\/h1>\n<p>[\/et_pb_text][et_pb_icon font_icon=&#8220;&#x37;||divi||400&#8243; icon_color=&#8220;#FFFFFF&#8220; icon_width=&#8220;35px&#8220; url=&#8220;#anmeldung&#8220; _builder_version=&#8220;4.27.4&#8243; _module_preset=&#8220;default&#8220; animation_style=&#8220;slide&#8220; animation_direction=&#8220;top&#8220; animation_intensity_slide=&#8220;20%&#8220; animation_starting_opacity=&#8220;100%&#8220; animation_speed_curve=&#8220;ease-out&#8220; animation_repeat=&#8220;loop&#8220; border_color_all=&#8220;#FFFFFF&#8220; global_colors_info=&#8220;{}&#8220;][\/et_pb_icon][\/et_pb_column][\/et_pb_row][\/et_pb_section][et_pb_section fb_built=&#8220;1&#8243; _builder_version=&#8220;4.27.4&#8243; _module_preset=&#8220;default&#8220; custom_padding=&#8220;25px||25px||false|false&#8220; global_colors_info=&#8220;{}&#8220;][et_pb_row column_structure=&#8220;1_2,1_2&#8243; _builder_version=&#8220;4.27.4&#8243; _module_preset=&#8220;default&#8220; custom_padding=&#8220;0px||0px||false|false&#8220; custom_css_main_element=&#8220;display: flex&#8220; global_colors_info=&#8220;{}&#8220;][et_pb_column type=&#8220;1_2&#8243; _builder_version=&#8220;4.27.4&#8243; _module_preset=&#8220;default&#8220; global_colors_info=&#8220;{}&#8220;][et_pb_image src=&#8220;https:\/\/vip.nissanschmidt.de\/wp-content\/uploads\/2025\/02\/nissan-schmidt-vip-tage-logo01.png&#8220; title_text=&#8220;nissan-schmidt-vip-tage-logo01&#8243; _builder_version=&#8220;4.27.4&#8243; _module_preset=&#8220;default&#8220; width_tablet=&#8220;80%&#8220; width_phone=&#8220;100%&#8220; width_last_edited=&#8220;on|phone&#8220; height=&#8220;100px&#8220; height_tablet=&#8220;100px&#8220; height_phone=&#8220;auto&#8220; height_last_edited=&#8220;on|phone&#8220; custom_margin=&#8220;25px||||false|false&#8220; custom_margin_tablet=&#8220;30px||||false|false&#8220; custom_margin_phone=&#8220;15px||||false|false&#8220; custom_margin_last_edited=&#8220;on|phone&#8220; global_colors_info=&#8220;{}&#8220;][\/et_pb_image][\/et_pb_column][et_pb_column type=&#8220;1_2&#8243; _builder_version=&#8220;4.27.4&#8243; _module_preset=&#8220;default&#8220; global_colors_info=&#8220;{}&#8220;][et_pb_image src=&#8220;https:\/\/vip.nissanschmidt.de\/wp-content\/uploads\/2025\/02\/nissan-schmidt-vip-tage-logo02.png&#8220; title_text=&#8220;nissan-schmidt-vip-tage-logo02&#8243; align=&#8220;right&#8220; align_last_edited=&#8220;off|phone&#8220; _builder_version=&#8220;4.27.4&#8243; _module_preset=&#8220;default&#8220; width_tablet=&#8220;60%&#8220; width_phone=&#8220;70%&#8220; width_last_edited=&#8220;on|phone&#8220; height=&#8220;150px&#8220; height_tablet=&#8220;150px&#8220; height_phone=&#8220;auto&#8220; height_last_edited=&#8220;on|phone&#8220; global_colors_info=&#8220;{}&#8220;][\/et_pb_image][\/et_pb_column][\/et_pb_row][\/et_pb_section][et_pb_section fb_built=&#8220;1&#8243; module_id=&#8220;anmeldung&#8220; _builder_version=&#8220;4.27.4&#8243; _module_preset=&#8220;default&#8220; background_color=&#8220;#14100e&#8220; global_colors_info=&#8220;{}&#8220;][et_pb_row column_structure=&#8220;1_2,1_2&#8243; _builder_version=&#8220;4.27.4&#8243; _module_preset=&#8220;default&#8220; custom_padding=&#8220;0px||0px||false|false&#8220; global_colors_info=&#8220;{}&#8220;][et_pb_column type=&#8220;1_2&#8243; _builder_version=&#8220;4.27.4&#8243; _module_preset=&#8220;default&#8220; global_colors_info=&#8220;{}&#8220;][et_pb_text _builder_version=&#8220;4.27.4&#8243; _module_preset=&#8220;default&#8220; header_font_size=&#8220;45px&#8220; header_2_font=&#8220;Nissan Brand Regular||||||||&#8220; header_2_text_color=&#8220;#FFFFFF&#8220; header_2_font_size=&#8220;35px&#8220; header_2_line_height=&#8220;1.3em&#8220; header_2_font_size_tablet=&#8220;35px&#8220; header_2_font_size_phone=&#8220;30px&#8220; header_2_font_size_last_edited=&#8220;on|phone&#8220; global_colors_info=&#8220;{}&#8220;]<\/p>\n<h2><strong>Weil Sie uns wichtig sind:<\/strong><br \/>Exklusive Beratung.<br \/>Exklusives Ambiente.<br \/>Exklusive Extras.<\/h2>\n<p>[\/et_pb_text][\/et_pb_column][et_pb_column type=&#8220;1_2&#8243; _builder_version=&#8220;4.27.4&#8243; _module_preset=&#8220;default&#8220; global_colors_info=&#8220;{}&#8220;][et_pb_image src=&#8220;https:\/\/vip.nissanschmidt.de\/wp-content\/uploads\/2025\/02\/nissan-schmidt-vip-tage-grafik.png&#8220; title_text=&#8220;nissan-schmidt-vip-tage-grafik&#8220; _builder_version=&#8220;4.27.4&#8243; _module_preset=&#8220;default&#8220; global_colors_info=&#8220;{}&#8220;][\/et_pb_image][\/et_pb_column][\/et_pb_row][\/et_pb_section][et_pb_section fb_built=&#8220;1&#8243; _builder_version=&#8220;4.27.4&#8243; _module_preset=&#8220;default&#8220; global_colors_info=&#8220;{}&#8220;][et_pb_row _builder_version=&#8220;4.27.4&#8243; _module_preset=&#8220;default&#8220; width=&#8220;40%&#8220; width_tablet=&#8220;80%&#8220; width_phone=&#8220;80%&#8220; width_last_edited=&#8220;on|phone&#8220; custom_padding=&#8220;0px||0px||false|false&#8220; global_colors_info=&#8220;{}&#8220;][et_pb_column type=&#8220;4_4&#8243; _builder_version=&#8220;4.27.4&#8243; _module_preset=&#8220;default&#8220; global_colors_info=&#8220;{}&#8220;][et_pb_text _builder_version=&#8220;4.27.4&#8243; _module_preset=&#8220;default&#8220; text_font=&#8220;Nissan Brand Regular||||||||&#8220; text_text_color=&#8220;#000000&#8243; header_text_color=&#8220;#000000&#8243; header_3_font=&#8220;Nissan Brand Regular||||||||&#8220; header_3_font_size=&#8220;30px&#8220; global_colors_info=&#8220;{}&#8220;]<\/p>\n<h3><strong>Der VIP-Tag bei Nissan Schmidt in Sachsenheim<\/strong><\/h3>\n<p>Samstag, 15. M\u00e4rz 2025 | Termine im Stundentakt ab 13.00 Uhr<\/p>\n<p>[\/et_pb_text][et_pb_text _builder_version=&#8220;4.27.4&#8243; _module_preset=&#8220;default&#8220; text_font=&#8220;Nissan Brand Regular||||||||&#8220; text_text_color=&#8220;#000000&#8243; header_text_color=&#8220;#000000&#8243; header_3_font_size=&#8220;30px&#8220; custom_margin=&#8220;35px||||false|false&#8220; global_colors_info=&#8220;{}&#8220;]<\/p>\n<p>Sie m\u00f6chten ganz entspannt und exklusiv bei einem Glas Sekt und kleinen Leckereien unser Autohaus erleben? Dann ist der <strong>Autohaus Schmidt VIP-Tag<\/strong> genau das Richtige f\u00fcr Sie.<\/p>\n<p>An diesem Tag \u00f6ffnen wir unseren besonders gestalteten Verkaufsraum ausschlie\u00dflich f\u00fcr unsere geladenen <strong>VIP-G\u00e4ste.<\/strong><\/p>\n<p>Ihr pers\u00f6nlicher Ansprechpartner nimmt sich &#8211; exklusiv f\u00fcr Sie &#8211; eine Stunde Zeit und steht f\u00fcr Ihre Fragen und W\u00fcnsche zur Verf\u00fcgung. Lassen Sie sich von den besonderen <strong>VIP-Angeboten<\/strong> \u00fcberraschen, die nur f\u00fcr unsere <strong>VIP-G\u00e4ste<\/strong> gelten.<\/p>\n<p>Melden Sie sich noch heute f\u00fcr Ihren Wunschtermin an.<br \/>Wir freuen uns auf Sie.<\/p>\n<p>[\/et_pb_text][et_pb_contact_form email=&#8220;sachsenheim@schmidt-fahrzeuge.de, toni.eigel@eeh-digital.de&#8220; custom_message=&#8220;Es liegt eine neue Anfrage zu einem pers\u00f6nlichen||et_pb_line_break_holder||VIP-Termin \u00fcber die Website vip.nissanschmidt.de vor. Die zugeh\u00f6rigen Daten lauten:||et_pb_line_break_holder||||et_pb_line_break_holder||Name : %%Vorname%% %%Nachname%%||et_pb_line_break_holder||E-Mail: %%Email%%||et_pb_line_break_holder||Telefonnummer : %%Telefonnummer%%||et_pb_line_break_holder||||et_pb_line_break_holder||Wunschtermin: %%Wunschtermin%%||et_pb_line_break_holder||||et_pb_line_break_holder||Begleitpersonen:||et_pb_line_break_holder||%%Vorname_Begleitperson_1%% %%Nachname_Begleitperson_1%%||et_pb_line_break_holder||%%Vorname_Begleitperson_2%% %%Nachname_Begleitperson_2%%||et_pb_line_break_holder||%%Vorname_Begleitperson_3%% %%Nachname_Begleitperson_3%%&#8220; success_message=&#8220;Vielen Dank f\u00fcr Ihre Anfrage zu Ihrem pers\u00f6nlichen VIP-Termin. Wir melden uns schnellstm\u00f6glich mit einer Best\u00e4tigung zu Ihrem Termin bei Ihnen.&#8220; _builder_version=&#8220;4.27.4&#8243; _module_preset=&#8220;default&#8220; _unique_id=&#8220;5e3a3502-aec7-4398-800b-1bfe0fc165e4&#8243; form_field_background_color=&#8220;#f9f9f9&#8243; form_field_text_color=&#8220;#000000&#8243; form_field_font=&#8220;Nissan Brand Regular||||||||&#8220; form_field_font_size=&#8220;16px&#8220; custom_button=&#8220;on&#8220; button_text_size=&#8220;16px&#8220; button_text_color=&#8220;#FFFFFF&#8220; button_bg_color=&#8220;#14100e&#8220; button_border_width=&#8220;1px&#8220; button_border_color=&#8220;#000000&#8243; button_border_radius=&#8220;0px&#8220; button_font=&#8220;Nissan Brand Regular||||||||&#8220; button_use_icon=&#8220;off&#8220; hover_enabled=&#8220;0&#8243; border_width_bottom=&#8220;1px&#8220; global_colors_info=&#8220;{}&#8220; button_bg_color__hover_enabled=&#8220;on|hover&#8220; button_bg_color__hover=&#8220;#FFFFFF&#8220; button_bg_enable_color__hover=&#8220;on&#8220; button_text_color__hover_enabled=&#8220;on|desktop&#8220; button_text_color__hover=&#8220;#14100e&#8220; button_border_width__hover_enabled=&#8220;on|hover&#8220; button_border_width__hover=&#8220;1px&#8220; sticky_enabled=&#8220;0&#8243;][et_pb_contact_field field_id=&#8220;Wunschtermin&#8220; field_title=&#8220;Wunschtermin&#8220; field_type=&#8220;select&#8220; select_options=&#8220;%91{%22value%22:%2213 Uhr | Samstag, 15. M\u00e4rz 2025%22,%22checked%22:0,%22dragID%22:-1},{%22dragID%22:0,%22value%22:%2214 Uhr | Samstag, 15. M\u00e4rz 2025%22,%22checked%22:0},{%22dragID%22:1,%22value%22:%2215 Uhr | Samstag, 15. M\u00e4rz 2025%22,%22checked%22:0},{%22dragID%22:2,%22value%22:%2216 Uhr | Samstag, 15. M\u00e4rz 2025%22,%22checked%22:0},{%22dragID%22:3,%22value%22:%2217 Uhr | Samstag, 15. M\u00e4rz 2025%22,%22checked%22:0},{%22dragID%22:4,%22value%22:%2218 Uhr | Samstag, 15. M\u00e4rz 2025%22,%22checked%22:0},{%22dragID%22:5,%22value%22:%2219 Uhr | Samstag, 15. M\u00e4rz 2025%22,%22checked%22:0},{%22dragID%22:6,%22value%22:%2220 Uhr | Samstag, 15. M\u00e4rz 2025%22,%22checked%22:0},{%22dragID%22:7,%22value%22:%2221 Uhr | Samstag, 15. M\u00e4rz 2025%22,%22checked%22:0}%93&#8243; fullwidth_field=&#8220;on&#8220; _builder_version=&#8220;4.27.4&#8243; _module_preset=&#8220;default&#8220; hover_enabled=&#8220;0&#8243; global_colors_info=&#8220;{}&#8220; sticky_enabled=&#8220;0&#8243;][\/et_pb_contact_field][et_pb_contact_field field_id=&#8220;Vorname&#8220; field_title=&#8220;Vorname&#8220; _builder_version=&#8220;4.27.4&#8243; global_colors_info=&#8220;{}&#8220; button_text_size__hover_enabled=&#8220;off&#8220; button_one_text_size__hover_enabled=&#8220;off&#8220; button_two_text_size__hover_enabled=&#8220;off&#8220; button_text_color__hover_enabled=&#8220;off&#8220; button_one_text_color__hover_enabled=&#8220;off&#8220; button_two_text_color__hover_enabled=&#8220;off&#8220; button_border_width__hover_enabled=&#8220;off&#8220; button_one_border_width__hover_enabled=&#8220;off&#8220; button_two_border_width__hover_enabled=&#8220;off&#8220; button_border_color__hover_enabled=&#8220;off&#8220; button_one_border_color__hover_enabled=&#8220;off&#8220; button_two_border_color__hover_enabled=&#8220;off&#8220; button_border_radius__hover_enabled=&#8220;off&#8220; button_one_border_radius__hover_enabled=&#8220;off&#8220; button_two_border_radius__hover_enabled=&#8220;off&#8220; button_letter_spacing__hover_enabled=&#8220;off&#8220; button_one_letter_spacing__hover_enabled=&#8220;off&#8220; button_two_letter_spacing__hover_enabled=&#8220;off&#8220; button_bg_color__hover_enabled=&#8220;off&#8220; button_one_bg_color__hover_enabled=&#8220;off&#8220; button_two_bg_color__hover_enabled=&#8220;off&#8220;][\/et_pb_contact_field][et_pb_contact_field field_id=&#8220;Nachname&#8220; field_title=&#8220;Nachname&#8220; _builder_version=&#8220;4.27.4&#8243; global_colors_info=&#8220;{}&#8220; button_text_size__hover_enabled=&#8220;off&#8220; button_one_text_size__hover_enabled=&#8220;off&#8220; button_two_text_size__hover_enabled=&#8220;off&#8220; button_text_color__hover_enabled=&#8220;off&#8220; button_one_text_color__hover_enabled=&#8220;off&#8220; button_two_text_color__hover_enabled=&#8220;off&#8220; button_border_width__hover_enabled=&#8220;off&#8220; button_one_border_width__hover_enabled=&#8220;off&#8220; button_two_border_width__hover_enabled=&#8220;off&#8220; button_border_color__hover_enabled=&#8220;off&#8220; button_one_border_color__hover_enabled=&#8220;off&#8220; button_two_border_color__hover_enabled=&#8220;off&#8220; button_border_radius__hover_enabled=&#8220;off&#8220; button_one_border_radius__hover_enabled=&#8220;off&#8220; button_two_border_radius__hover_enabled=&#8220;off&#8220; button_letter_spacing__hover_enabled=&#8220;off&#8220; button_one_letter_spacing__hover_enabled=&#8220;off&#8220; button_two_letter_spacing__hover_enabled=&#8220;off&#8220; button_bg_color__hover_enabled=&#8220;off&#8220; button_one_bg_color__hover_enabled=&#8220;off&#8220; button_two_bg_color__hover_enabled=&#8220;off&#8220;][\/et_pb_contact_field][et_pb_contact_field field_id=&#8220;Email&#8220; field_title=&#8220;E-Mail-Adresse&#8220; field_type=&#8220;email&#8220; _builder_version=&#8220;4.16&#8243; global_colors_info=&#8220;{}&#8220; button_text_size__hover_enabled=&#8220;off&#8220; button_one_text_size__hover_enabled=&#8220;off&#8220; button_two_text_size__hover_enabled=&#8220;off&#8220; button_text_color__hover_enabled=&#8220;off&#8220; button_one_text_color__hover_enabled=&#8220;off&#8220; button_two_text_color__hover_enabled=&#8220;off&#8220; button_border_width__hover_enabled=&#8220;off&#8220; button_one_border_width__hover_enabled=&#8220;off&#8220; button_two_border_width__hover_enabled=&#8220;off&#8220; button_border_color__hover_enabled=&#8220;off&#8220; button_one_border_color__hover_enabled=&#8220;off&#8220; button_two_border_color__hover_enabled=&#8220;off&#8220; button_border_radius__hover_enabled=&#8220;off&#8220; button_one_border_radius__hover_enabled=&#8220;off&#8220; button_two_border_radius__hover_enabled=&#8220;off&#8220; button_letter_spacing__hover_enabled=&#8220;off&#8220; button_one_letter_spacing__hover_enabled=&#8220;off&#8220; button_two_letter_spacing__hover_enabled=&#8220;off&#8220; button_bg_color__hover_enabled=&#8220;off&#8220; button_one_bg_color__hover_enabled=&#8220;off&#8220; button_two_bg_color__hover_enabled=&#8220;off&#8220;][\/et_pb_contact_field][et_pb_contact_field field_id=&#8220;Telefonnummer&#8220; field_title=&#8220;Telefonnummer&#8220; allowed_symbols=&#8220;numbers&#8220; _builder_version=&#8220;4.27.4&#8243; global_colors_info=&#8220;{}&#8220; button_text_size__hover_enabled=&#8220;off&#8220; button_one_text_size__hover_enabled=&#8220;off&#8220; button_two_text_size__hover_enabled=&#8220;off&#8220; button_text_color__hover_enabled=&#8220;off&#8220; button_one_text_color__hover_enabled=&#8220;off&#8220; button_two_text_color__hover_enabled=&#8220;off&#8220; button_border_width__hover_enabled=&#8220;off&#8220; button_one_border_width__hover_enabled=&#8220;off&#8220; button_two_border_width__hover_enabled=&#8220;off&#8220; button_border_color__hover_enabled=&#8220;off&#8220; button_one_border_color__hover_enabled=&#8220;off&#8220; button_two_border_color__hover_enabled=&#8220;off&#8220; button_border_radius__hover_enabled=&#8220;off&#8220; button_one_border_radius__hover_enabled=&#8220;off&#8220; button_two_border_radius__hover_enabled=&#8220;off&#8220; button_letter_spacing__hover_enabled=&#8220;off&#8220; button_one_letter_spacing__hover_enabled=&#8220;off&#8220; button_two_letter_spacing__hover_enabled=&#8220;off&#8220; button_bg_color__hover_enabled=&#8220;off&#8220; button_one_bg_color__hover_enabled=&#8220;off&#8220; button_two_bg_color__hover_enabled=&#8220;off&#8220;][\/et_pb_contact_field][et_pb_contact_field field_id=&#8220;Begleitung&#8220; field_title=&#8220;Anzahl Begleitpersonen&#8220; field_type=&#8220;select&#8220; select_options=&#8220;%91{%22value%22:%220%22,%22checked%22:0,%22dragID%22:-1},{%22dragID%22:0,%22value%22:%221%22,%22checked%22:0},{%22dragID%22:3,%22value%22:%222%22,%22checked%22:0},{%22dragID%22:1,%22value%22:%223%22,%22checked%22:0}%93&#8243; fullwidth_field=&#8220;on&#8220; _builder_version=&#8220;4.27.4&#8243; _module_preset=&#8220;default&#8220; custom_margin=&#8220;225px||||false|false&#8220; global_colors_info=&#8220;{}&#8220;][\/et_pb_contact_field][et_pb_contact_field field_id=&#8220;Vorname_Begleitperson_1&#8243; field_title=&#8220;Vorname Begleitperson 1&#8243; conditional_logic=&#8220;on&#8220; conditional_logic_rules=&#8220;%91{%22field%22:%22begleitung%22,%22condition%22:%22is greater%22,%22value%22:%220%22}%93&#8243; _builder_version=&#8220;4.27.4&#8243; _module_preset=&#8220;default&#8220; global_colors_info=&#8220;{}&#8220;][\/et_pb_contact_field][et_pb_contact_field field_id=&#8220;Nachname_Begleitperson_1&#8243; field_title=&#8220;Nachname Begleitperson 1&#8243; conditional_logic=&#8220;on&#8220; conditional_logic_rules=&#8220;%91{%22field%22:%22begleitung%22,%22condition%22:%22is greater%22,%22value%22:%220%22}%93&#8243; _builder_version=&#8220;4.27.4&#8243; _module_preset=&#8220;default&#8220; global_colors_info=&#8220;{}&#8220;][\/et_pb_contact_field][et_pb_contact_field field_id=&#8220;Vorname_Begleitperson_2&#8243; field_title=&#8220;Vorname Begleitperson 2&#8243; conditional_logic=&#8220;on&#8220; conditional_logic_rules=&#8220;%91{%22field%22:%22begleitung%22,%22condition%22:%22is greater%22,%22value%22:%221%22}%93&#8243; _builder_version=&#8220;4.27.4&#8243; _module_preset=&#8220;default&#8220; global_colors_info=&#8220;{}&#8220;][\/et_pb_contact_field][et_pb_contact_field field_id=&#8220;Nachname_Begleitperson_2&#8243; field_title=&#8220;Nachname Begleitperson 2&#8243; conditional_logic=&#8220;on&#8220; conditional_logic_rules=&#8220;%91{%22field%22:%22begleitung%22,%22condition%22:%22is greater%22,%22value%22:%221%22}%93&#8243; _builder_version=&#8220;4.27.4&#8243; _module_preset=&#8220;default&#8220; global_colors_info=&#8220;{}&#8220;][\/et_pb_contact_field][et_pb_contact_field field_id=&#8220;Vorname_Begleitperson_3&#8243; field_title=&#8220;Vorname Begleitperson 3&#8243; conditional_logic=&#8220;on&#8220; conditional_logic_rules=&#8220;%91{%22field%22:%22begleitung%22,%22condition%22:%22is greater%22,%22value%22:%222%22}%93&#8243; _builder_version=&#8220;4.27.4&#8243; _module_preset=&#8220;default&#8220; global_colors_info=&#8220;{}&#8220;][\/et_pb_contact_field][et_pb_contact_field field_id=&#8220;Nachname_Begleitperson_3&#8243; field_title=&#8220;Nachname Begleitperson 3&#8243; conditional_logic=&#8220;on&#8220; conditional_logic_rules=&#8220;%91{%22field%22:%22begleitung%22,%22condition%22:%22is greater%22,%22value%22:%222%22}%93&#8243; _builder_version=&#8220;4.27.4&#8243; _module_preset=&#8220;default&#8220; global_colors_info=&#8220;{}&#8220;][\/et_pb_contact_field][\/et_pb_contact_form][\/et_pb_column][\/et_pb_row][\/et_pb_section]<\/p>\n","protected":false},"excerpt":{"rendered":"<p>Nur f\u00fcr VIPs. Nur f\u00fcr Sie.Der VIP-Tag am 15. M\u00e4rz 2025Weil Sie uns wichtig sind:Exklusive Beratung.Exklusives Ambiente.Exklusive Extras.Der VIP-Tag bei Nissan Schmidt in Sachsenheim Samstag, 15. M\u00e4rz 2025 | Termine im Stundentakt ab 13.00 UhrSie m\u00f6chten ganz entspannt und exklusiv bei einem Glas Sekt und kleinen Leckereien unser Autohaus erleben? Dann ist der Autohaus Schmidt [&hellip;]<\/p>\n","protected":false},"author":1,"featured_media":0,"parent":0,"menu_order":0,"comment_status":"closed","ping_status":"closed","template":"","meta":{"_et_pb_use_builder":"on","_et_pb_old_content":"","_et_gb_content_width":"","footnotes":""},"class_list":["post-8","page","type-page","status-publish","hentry"],"yoast_head":"<!-- This site is optimized with the Yoast SEO plugin v24.5 - https:\/\/yoast.com\/wordpress\/plugins\/seo\/ -->\n<title>Home - VIP-Tag<\/title>\n<meta name=\"robots\" content=\"index, follow, max-snippet:-1, max-image-preview:large, max-video-preview:-1\" \/>\n<link rel=\"canonical\" href=\"https:\/\/vip.nissanschmidt.de\/\" \/>\n<meta property=\"og:locale\" content=\"de_DE\" \/>\n<meta property=\"og:type\" content=\"article\" \/>\n<meta property=\"og:title\" content=\"Home - VIP-Tag\" \/>\n<meta property=\"og:description\" content=\"Nur f\u00fcr VIPs. Nur f\u00fcr Sie.Der VIP-Tag am 15. M\u00e4rz 2025Weil Sie uns wichtig sind:Exklusive Beratung.Exklusives Ambiente.Exklusive Extras.Der VIP-Tag bei Nissan Schmidt in Sachsenheim Samstag, 15. M\u00e4rz 2025 | Termine im Stundentakt ab 13.00 UhrSie m\u00f6chten ganz entspannt und exklusiv bei einem Glas Sekt und kleinen Leckereien unser Autohaus erleben? Dann ist der Autohaus Schmidt [&hellip;]\" \/>\n<meta property=\"og:url\" content=\"https:\/\/vip.nissanschmidt.de\/\" \/>\n<meta property=\"og:site_name\" content=\"VIP-Tag\" \/>\n<meta property=\"article:modified_time\" content=\"2025-03-03T08:15:06+00:00\" \/>\n<meta name=\"twitter:card\" content=\"summary_large_image\" \/>\n<meta name=\"twitter:label1\" content=\"Gesch\u00e4tzte Lesezeit\" \/>\n\t<meta name=\"twitter:data1\" content=\"11\u00a0Minuten\" \/>\n<script type=\"application\/ld+json\" class=\"yoast-schema-graph\">{\"@context\":\"https:\/\/schema.org\",\"@graph\":[{\"@type\":\"WebPage\",\"@id\":\"https:\/\/vip.nissanschmidt.de\/\",\"url\":\"https:\/\/vip.nissanschmidt.de\/\",\"name\":\"Home - VIP-Tag\",\"isPartOf\":{\"@id\":\"https:\/\/vip.nissanschmidt.de\/#website\"},\"datePublished\":\"2025-02-19T15:42:04+00:00\",\"dateModified\":\"2025-03-03T08:15:06+00:00\",\"breadcrumb\":{\"@id\":\"https:\/\/vip.nissanschmidt.de\/#breadcrumb\"},\"inLanguage\":\"de\",\"potentialAction\":[{\"@type\":\"ReadAction\",\"target\":[\"https:\/\/vip.nissanschmidt.de\/\"]}]},{\"@type\":\"BreadcrumbList\",\"@id\":\"https:\/\/vip.nissanschmidt.de\/#breadcrumb\",\"itemListElement\":[{\"@type\":\"ListItem\",\"position\":1,\"name\":\"Startseite\",\"item\":\"https:\/\/vip.nissanschmidt.de\/\"},{\"@type\":\"ListItem\",\"position\":2,\"name\":\"Home\"}]},{\"@type\":\"WebSite\",\"@id\":\"https:\/\/vip.nissanschmidt.de\/#website\",\"url\":\"https:\/\/vip.nissanschmidt.de\/\",\"name\":\"VIP-Tag\",\"description\":\"bei Nissan Schmidt in Sachsenheim\",\"potentialAction\":[{\"@type\":\"SearchAction\",\"target\":{\"@type\":\"EntryPoint\",\"urlTemplate\":\"https:\/\/vip.nissanschmidt.de\/?s={search_term_string}\"},\"query-input\":{\"@type\":\"PropertyValueSpecification\",\"valueRequired\":true,\"valueName\":\"search_term_string\"}}],\"inLanguage\":\"de\"}]}<\/script>\n<!-- \/ Yoast SEO plugin. -->","yoast_head_json":{"title":"Home - VIP-Tag","robots":{"index":"index","follow":"follow","max-snippet":"max-snippet:-1","max-image-preview":"max-image-preview:large","max-video-preview":"max-video-preview:-1"},"canonical":"https:\/\/vip.nissanschmidt.de\/","og_locale":"de_DE","og_type":"article","og_title":"Home - VIP-Tag","og_description":"Nur f\u00fcr VIPs. Nur f\u00fcr Sie.Der VIP-Tag am 15. M\u00e4rz 2025Weil Sie uns wichtig sind:Exklusive Beratung.Exklusives Ambiente.Exklusive Extras.Der VIP-Tag bei Nissan Schmidt in Sachsenheim Samstag, 15. M\u00e4rz 2025 | Termine im Stundentakt ab 13.00 UhrSie m\u00f6chten ganz entspannt und exklusiv bei einem Glas Sekt und kleinen Leckereien unser Autohaus erleben? Dann ist der Autohaus Schmidt [&hellip;]","og_url":"https:\/\/vip.nissanschmidt.de\/","og_site_name":"VIP-Tag","article_modified_time":"2025-03-03T08:15:06+00:00","twitter_card":"summary_large_image","twitter_misc":{"Gesch\u00e4tzte Lesezeit":"11\u00a0Minuten"},"schema":{"@context":"https:\/\/schema.org","@graph":[{"@type":"WebPage","@id":"https:\/\/vip.nissanschmidt.de\/","url":"https:\/\/vip.nissanschmidt.de\/","name":"Home - VIP-Tag","isPartOf":{"@id":"https:\/\/vip.nissanschmidt.de\/#website"},"datePublished":"2025-02-19T15:42:04+00:00","dateModified":"2025-03-03T08:15:06+00:00","breadcrumb":{"@id":"https:\/\/vip.nissanschmidt.de\/#breadcrumb"},"inLanguage":"de","potentialAction":[{"@type":"ReadAction","target":["https:\/\/vip.nissanschmidt.de\/"]}]},{"@type":"BreadcrumbList","@id":"https:\/\/vip.nissanschmidt.de\/#breadcrumb","itemListElement":[{"@type":"ListItem","position":1,"name":"Startseite","item":"https:\/\/vip.nissanschmidt.de\/"},{"@type":"ListItem","position":2,"name":"Home"}]},{"@type":"WebSite","@id":"https:\/\/vip.nissanschmidt.de\/#website","url":"https:\/\/vip.nissanschmidt.de\/","name":"VIP-Tag","description":"bei Nissan Schmidt in Sachsenheim","potentialAction":[{"@type":"SearchAction","target":{"@type":"EntryPoint","urlTemplate":"https:\/\/vip.nissanschmidt.de\/?s={search_term_string}"},"query-input":{"@type":"PropertyValueSpecification","valueRequired":true,"valueName":"search_term_string"}}],"inLanguage":"de"}]}},"_links":{"self":[{"href":"https:\/\/vip.nissanschmidt.de\/index.php\/wp-json\/wp\/v2\/pages\/8","targetHints":{"allow":["GET"]}}],"collection":[{"href":"https:\/\/vip.nissanschmidt.de\/index.php\/wp-json\/wp\/v2\/pages"}],"about":[{"href":"https:\/\/vip.nissanschmidt.de\/index.php\/wp-json\/wp\/v2\/types\/page"}],"author":[{"embeddable":true,"href":"https:\/\/vip.nissanschmidt.de\/index.php\/wp-json\/wp\/v2\/users\/1"}],"replies":[{"embeddable":true,"href":"https:\/\/vip.nissanschmidt.de\/index.php\/wp-json\/wp\/v2\/comments?post=8"}],"version-history":[{"count":38,"href":"https:\/\/vip.nissanschmidt.de\/index.php\/wp-json\/wp\/v2\/pages\/8\/revisions"}],"predecessor-version":[{"id":95,"href":"https:\/\/vip.nissanschmidt.de\/index.php\/wp-json\/wp\/v2\/pages\/8\/revisions\/95"}],"wp:attachment":[{"href":"https:\/\/vip.nissanschmidt.de\/index.php\/wp-json\/wp\/v2\/media?parent=8"}],"curies":[{"name":"wp","href":"https:\/\/api.w.org\/{rel}","templated":true}]}}